{"id":124,"date":"2016-02-02T11:22:08","date_gmt":"2016-02-02T11:22:08","guid":{"rendered":"http:\/\/avvcelm.cat\/avvcelm\/?page_id=124"},"modified":"2024-03-15T15:36:48","modified_gmt":"2024-03-15T15:36:48","slug":"el-primer-alcalde-de-valldoreix","status":"publish","type":"page","link":"http:\/\/avvcelm.cat\/avvcelm\/historia-de-valldoreix\/el-primer-alcalde-de-valldoreix\/","title":{"rendered":"El primer alcalde de Valldoreix"},"content":{"rendered":"<p><span style=\"font-family: Geneva, Arial, Helvetica, san-serif;\"><b><span style=\"color: #4a651d;\"><img loading=\"lazy\" decoding=\"async\" src=\"http:\/\/avvcelm.cat\/avvcelm\/wp-content\/uploads\/2024\/03\/Monument-a-Ramon-Escayola.jpg\" alt=\"\" width=\"655\" height=\"873\" \/><\/span><\/b><\/span><\/p>\n<p><span style=\"font-family: Geneva, Arial, Helvetica, san-serif;\"><b><span style=\"color: #4a651d;\">EL PRIMER ALCALDE DE VALLDOREIX<\/span><\/b><\/span><\/p>\n<p><strong>Ramon Escayola Villar\u00f3 (1916-1964) va ser el primer alcalde de l\u2019Entitat Local Menor de Valldoreix<\/strong><br \/>\nEra una persona de car\u00e0cter reservat, actiu i sobretot destac\u00e0 pel seu amor i dedicaci\u00f3 a Valldoreix. Casat amb Maria Ferrando Llorente, va tenir tres fills: Jordi, Ramon i Alfred. Professionalment estava vinculat al m\u00f3n de la\u00a0<strong>mec\u00e0nica.<\/strong>\u00a0Escayola va ser escollit president de l\u2019Associaci\u00f3 de Propietaris de Valldoreix el 8 de setembre de\u00a0<strong>1954<\/strong>\u00a0i el seu mandat dur\u00e0 fins el 6 de setembre de 1959, quan va ser substitu\u00eft per Josep M\u00aa Coll i M\u00e9dico. Al capdavant de l\u2019Associaci\u00f3 impuls\u00e0 les gestions per aconseguir la creaci\u00f3 de l\u2019Entitat Local Menor que ja havia iniciat el seu antecessor, el president Carles Camps i Casellas l\u2019any 1953.<\/p>\n<p>L\u2019any\u00a0<strong>1956, la poblaci\u00f3 empadronada de Valldoreix era d\u2019aproximadament 800 habitants<\/strong>. De les 183 fam\u00edlies que hi vivien a Valldoreix 149 van signar la sol\u00b7licitud de creaci\u00f3 de l\u2019Entitat Local Menor de Valldoreix, un 81,4% de la poblaci\u00f3 total. Aquell mateix any s\u2019havia editat el llibre Hist\u00f2ria de Valldoreix signat pel propi Ramon Escayola i per Roberto Gil, una obra que serv\u00ed per recuperar la mem\u00f2ria hist\u00f2ria de Valldoreix i que ajud\u00e0 a entendre i comprendre la realitat i la identitat de Valldoreix.<\/p>\n<p>El paper d\u2019aquesta obra va ser fonamental per explicar la realitat hist\u00f2rica de Valldoreix i per conscienciar la poblaci\u00f3 de la necessitat de tenir un cert grau d\u2019autonomia local a Valldoreix.\u00a0<strong>El 16 de novembre de 1958 es constitu\u00efa la Junta Ve\u00efnal sota la presid\u00e8ncia de Ramon Escayola.\u00a0<\/strong>El primer consistori el completaven els vocals Joan Fuster Montardit, i Mateo Navarro Mill\u00e1n. Com a primer alcalde li toc\u00e0 posar en marxa una administraci\u00f3 que tingu\u00e9 la seva primera seu a l\u2019Associaci\u00f3 de Propietaris i m\u00e9s tard a una casa de la Rambla Verdaguer. A la primavera de 1963 Escayola particip\u00e0 del moviment que intent\u00e0 aconseguir la municipalitat per a Valldoreix.<\/p>\n<p>El 25 de novembre de\u00a0<strong>1964 moria als 48 anys Ramon Escayola.<\/strong>\u00a0Al capdavant de l\u2019Entitat Local Menor va ser substitu\u00eft per\u00a0<strong>Jes\u00fas Ros\u00e0s Hevia<\/strong>. Entre els homenatges que s\u2019impulsaren destac\u00e0 la proposta de l\u2019Associaci\u00f3 de Propietaris de dedicar un monument a la mem\u00f2ria de l\u2019alcalde Escayola. L\u2019Associaci\u00f3 volgu\u00e9 que fos una fita en la que tota la poblaci\u00f3 pogu\u00e9s participar. Es va fer amb aportacions personals de 50 pessetes per persona. El lloc escollit pel monument va ser una part dels jardins de l\u2019Associaci\u00f3. El monument va ser encarregat a l\u2019arquitecte Francesc de P. Cardoner Blanch. Tamb\u00e9 es dedic\u00e0 un carrer a la seva mem\u00f2ria, canviant el de Gran Via Jard\u00ed pel d\u2019Alcalde Ramon Escayola.<\/p>\n<p><strong>Juanjo Cortes<br \/>\n<\/strong><strong>Historiador Valldoreixenc<\/strong><\/p>\n<p>&nbsp;<\/p>\n","protected":false},"excerpt":{"rendered":"<p>EL PRIMER ALCALDE DE VALLDOREIX Ramon Escayola Villar\u00f3 (1916-1964) va ser el primer alcalde de l\u2019Entitat Local Menor de Valldoreix Era una persona de car\u00e0cter reservat, actiu i sobretot destac\u00e0 pel seu amor i dedicaci\u00f3 a Valldoreix. Casat amb Maria Ferrando Llorente, va tenir tres fills: Jordi, Ramon i Alfred. Professionalment estava vinculat al m\u00f3n de la\u00a0mec\u00e0nica.\u00a0Escayola va ser escollit president de l\u2019Associaci\u00f3 de Propietaris de Valldoreix el 8 de setembre de\u00a01954\u00a0i el seu mandat dur\u00e0 fins el 6 de setembre de 1959, quan va ser substitu\u00eft per Josep M\u00aa Coll i M\u00e9dico. Al capdavant de l\u2019Associaci\u00f3 impuls\u00e0 les gestions per aconseguir la creaci\u00f3 de l\u2019Entitat Local Menor que ja havia iniciat el seu antecessor, el president Carles Camps i Casellas l\u2019any 1953. L\u2019any\u00a01956, la poblaci\u00f3 empadronada de Valldoreix era d\u2019aproximadament 800 habitants. De les 183 fam\u00edlies que hi vivien a Valldoreix 149 van signar la sol\u00b7licitud de creaci\u00f3 de l\u2019Entitat Local Menor de Valldoreix, un 81,4% de la poblaci\u00f3 total. Aquell mateix any s\u2019havia editat el llibre Hist\u00f2ria de Valldoreix signat pel propi Ramon Escayola i per Roberto Gil, una obra que serv\u00ed per recuperar la mem\u00f2ria hist\u00f2ria de Valldoreix i que ajud\u00e0 a entendre i comprendre la realitat [&hellip;]<\/p>\n","protected":false},"author":1,"featured_media":0,"parent":51,"menu_order":0,"comment_status":"closed","ping_status":"closed","template":"","meta":{"footnotes":""},"_links":{"self":[{"href":"http:\/\/avvcelm.cat\/avvcelm\/wp-json\/wp\/v2\/pages\/124"}],"collection":[{"href":"http:\/\/avvcelm.cat\/avvcelm\/wp-json\/wp\/v2\/pages"}],"about":[{"href":"http:\/\/avvcelm.cat\/avvcelm\/wp-json\/wp\/v2\/types\/page"}],"author":[{"embeddable":true,"href":"http:\/\/avvcelm.cat\/avvcelm\/wp-json\/wp\/v2\/users\/1"}],"replies":[{"embeddable":true,"href":"http:\/\/avvcelm.cat\/avvcelm\/wp-json\/wp\/v2\/comments?post=124"}],"version-history":[{"count":3,"href":"http:\/\/avvcelm.cat\/avvcelm\/wp-json\/wp\/v2\/pages\/124\/revisions"}],"predecessor-version":[{"id":609,"href":"http:\/\/avvcelm.cat\/avvcelm\/wp-json\/wp\/v2\/pages\/124\/revisions\/609"}],"up":[{"embeddable":true,"href":"http:\/\/avvcelm.cat\/avvcelm\/wp-json\/wp\/v2\/pages\/51"}],"wp:attachment":[{"href":"http:\/\/avvcelm.cat\/avvcelm\/wp-json\/wp\/v2\/media?parent=124"}],"curies":[{"name":"wp","href":"https:\/\/api.w.org\/{rel}","templated":true}]}}