{"id":198,"date":"2016-02-02T12:10:30","date_gmt":"2016-02-02T12:10:30","guid":{"rendered":"http:\/\/avvcelm.cat\/avvcelm\/?page_id=198"},"modified":"2016-02-02T12:10:30","modified_gmt":"2016-02-02T12:10:30","slug":"el-moli-de-canals","status":"publish","type":"page","link":"http:\/\/avvcelm.cat\/avvcelm\/historia-de-valldoreix\/el-moli-de-canals\/","title":{"rendered":"El Mol\u00ed de Canals"},"content":{"rendered":"<p>Aquest <strong>mol\u00ed hidr\u00e0ulic<\/strong> depenia del Castell de Canals i est\u00e0 molt a prop del mateix. Va estar en funcionament entre els segles XII i XIX.<\/p>\n<p><img loading=\"lazy\" decoding=\"async\" class=\"alignnone size-medium wp-image-199\" src=\"http:\/\/avvcelm.cat\/avvcelm\/wp-content\/uploads\/2016\/02\/moli1-300x236.jpg\" alt=\"moli1\" width=\"300\" height=\"236\" srcset=\"http:\/\/avvcelm.cat\/avvcelm\/wp-content\/uploads\/2016\/02\/moli1-300x236.jpg 300w, http:\/\/avvcelm.cat\/avvcelm\/wp-content\/uploads\/2016\/02\/moli1.jpg 331w\" sizes=\"(max-width: 300px) 100vw, 300px\" \/><\/p>\n<p>El mol\u00ed de Canals era mogut per l\u2019aigua que permetia moldre grans, aprofitant l\u2019energia cin\u00e8tica de la riera de Canals. Els cereals provenien dels camps de conreu de sec\u00e0 de les masies de l\u2019<strong>antic municipi de Canals<\/strong>.<\/p>\n<p><img loading=\"lazy\" decoding=\"async\" class=\"alignnone size-medium wp-image-200\" src=\"http:\/\/avvcelm.cat\/avvcelm\/wp-content\/uploads\/2016\/02\/moli2-224x300.jpg\" alt=\"moli2\" width=\"224\" height=\"300\" srcset=\"http:\/\/avvcelm.cat\/avvcelm\/wp-content\/uploads\/2016\/02\/moli2-224x300.jpg 224w, http:\/\/avvcelm.cat\/avvcelm\/wp-content\/uploads\/2016\/02\/moli2.jpg 266w\" sizes=\"(max-width: 224px) 100vw, 224px\" \/><\/p>\n<p>Els molins hidr\u00e0ulics destinats a la m\u00f2lta del gra van ser un element industrial <strong>imprescindible<\/strong> en el m\u00f3n agrari medieval, bastint-se&#8217;n als marges dels rius i torrents, aqu\u00ed en el torrent de Canals. Per al seu funcionament es constru\u00efa una complexa <strong>xarxa de s\u00e9quies<\/strong>.<\/p>\n<p>El mateix nom de Canals ens indicaria l\u2019exist\u00e8ncia d\u2019aquesta xarxa de canalitzacions d\u2019aigua. A la riera de Canals sabem de l\u2019exist\u00e8ncia de diverses <strong>basses<\/strong> que servien per acumular l\u2019aigua. Cal tenir en compte que el r\u00e8gim pluvial no \u00e9s constant i calia aprofitar l\u2019aigua de les pluges, aix\u00ed com l\u2019aigua dels brolladors naturals que existien. Molt a prop hi ha un carrer que porta el nom de Brollador. La <strong>domesticaci\u00f3 de l\u2019aigua <\/strong>i la construcci\u00f3 d\u2019aquesta xarxa hidr\u00e0ulica servia tamb\u00e9 per a la irrigaci\u00f3 de diversos camps de conreu. Les zones d\u2019horta estaven situades a l\u2019actual camp de futbol i al barri del Regadiu, que porta aquest nom com a recordatori de qu\u00e8 va ser.<\/p>\n<p>Del mol\u00ed es conserven alguns <strong>elements destacables<\/strong>, el cup, el carcau i unes parets<\/p>\n<p>on es poden apreciar els forats per la gronsa. La senyalitzaci\u00f3 que l\u2019EMD de Valldoreix ha col\u00b7locat recentment al costat del cam\u00ed ser\u00e0 tamb\u00e9 un element fonamental en la <strong>conservaci\u00f3<\/strong> i en donar a con\u00e8ixer el mol\u00ed. Tots, EMD, entitats i valldoreixencs tenim l\u2019obligaci\u00f3 de protegir i conservar el nostre patrimoni. Tenim encara <strong>molta feina<\/strong>.<\/p>\n<p><img loading=\"lazy\" decoding=\"async\" class=\"alignnone size-medium wp-image-201\" src=\"http:\/\/avvcelm.cat\/avvcelm\/wp-content\/uploads\/2016\/02\/moli3-300x203.jpg\" alt=\"moli3\" width=\"300\" height=\"203\" srcset=\"http:\/\/avvcelm.cat\/avvcelm\/wp-content\/uploads\/2016\/02\/moli3-300x203.jpg 300w, http:\/\/avvcelm.cat\/avvcelm\/wp-content\/uploads\/2016\/02\/moli3.jpg 342w\" sizes=\"(max-width: 300px) 100vw, 300px\" \/><\/p>\n<p><strong>Juanjo Cort\u00e9s<\/strong><\/p>\n","protected":false},"excerpt":{"rendered":"<p>Aquest mol\u00ed hidr\u00e0ulic depenia del Castell de Canals i est\u00e0 molt a prop del mateix. Va estar en funcionament entre els segles XII i XIX. El mol\u00ed de Canals era mogut per l\u2019aigua que permetia moldre grans, aprofitant l\u2019energia cin\u00e8tica de la riera de Canals. Els cereals provenien dels camps de conreu de sec\u00e0 de les masies de l\u2019antic municipi de Canals. Els molins hidr\u00e0ulics destinats a la m\u00f2lta del gra van ser un element industrial imprescindible en el m\u00f3n agrari medieval, bastint-se&#8217;n als marges dels rius i torrents, aqu\u00ed en el torrent de Canals. Per al seu funcionament es constru\u00efa una complexa xarxa de s\u00e9quies. El mateix nom de Canals ens indicaria l\u2019exist\u00e8ncia d\u2019aquesta xarxa de canalitzacions d\u2019aigua. A la riera de Canals sabem de l\u2019exist\u00e8ncia de diverses basses que servien per acumular l\u2019aigua. Cal tenir en compte que el r\u00e8gim pluvial no \u00e9s constant i calia aprofitar l\u2019aigua de les pluges, aix\u00ed com l\u2019aigua dels brolladors naturals que existien. Molt a prop hi ha un carrer que porta el nom de Brollador. La domesticaci\u00f3 de l\u2019aigua i la construcci\u00f3 d\u2019aquesta xarxa hidr\u00e0ulica servia tamb\u00e9 per a la irrigaci\u00f3 de diversos camps de conreu. Les zones d\u2019horta estaven situades [&hellip;]<\/p>\n","protected":false},"author":1,"featured_media":0,"parent":51,"menu_order":0,"comment_status":"closed","ping_status":"closed","template":"","meta":{"footnotes":""},"_links":{"self":[{"href":"http:\/\/avvcelm.cat\/avvcelm\/wp-json\/wp\/v2\/pages\/198"}],"collection":[{"href":"http:\/\/avvcelm.cat\/avvcelm\/wp-json\/wp\/v2\/pages"}],"about":[{"href":"http:\/\/avvcelm.cat\/avvcelm\/wp-json\/wp\/v2\/types\/page"}],"author":[{"embeddable":true,"href":"http:\/\/avvcelm.cat\/avvcelm\/wp-json\/wp\/v2\/users\/1"}],"replies":[{"embeddable":true,"href":"http:\/\/avvcelm.cat\/avvcelm\/wp-json\/wp\/v2\/comments?post=198"}],"version-history":[{"count":1,"href":"http:\/\/avvcelm.cat\/avvcelm\/wp-json\/wp\/v2\/pages\/198\/revisions"}],"predecessor-version":[{"id":202,"href":"http:\/\/avvcelm.cat\/avvcelm\/wp-json\/wp\/v2\/pages\/198\/revisions\/202"}],"up":[{"embeddable":true,"href":"http:\/\/avvcelm.cat\/avvcelm\/wp-json\/wp\/v2\/pages\/51"}],"wp:attachment":[{"href":"http:\/\/avvcelm.cat\/avvcelm\/wp-json\/wp\/v2\/media?parent=198"}],"curies":[{"name":"wp","href":"https:\/\/api.w.org\/{rel}","templated":true}]}}